{"id":161,"date":"2026-03-05T13:28:04","date_gmt":"2026-03-05T13:28:04","guid":{"rendered":"https:\/\/vebmarket.rs\/?post_type=product&#038;p=161"},"modified":"2026-03-06T23:49:56","modified_gmt":"2026-03-06T23:49:56","slug":"proizvod-8","status":"publish","type":"product","link":"https:\/\/vebmarket.rs\/index.php\/product\/proizvod-8\/","title":{"rendered":"Jastuk za opu\u0161tanje vrata"},"content":{"rendered":"<p><img fetchpriority=\"high\" decoding=\"async\" class=\"alignnone size-medium wp-image-287\" src=\"https:\/\/vebmarket.rs\/wp-content\/uploads\/2026\/03\/vrat-4-282x300.png\" alt=\"\" width=\"282\" height=\"300\" srcset=\"https:\/\/vebmarket.rs\/wp-content\/uploads\/2026\/03\/vrat-4-282x300.png 282w, https:\/\/vebmarket.rs\/wp-content\/uploads\/2026\/03\/vrat-4-600x639.png 600w, https:\/\/vebmarket.rs\/wp-content\/uploads\/2026\/03\/vrat-4-768x818.png 768w, https:\/\/vebmarket.rs\/wp-content\/uploads\/2026\/03\/vrat-4.png 836w\" sizes=\"(max-width: 282px) 100vw, 282px\" \/>M,,.,M,.M,.M.,M.,M.,M.,M.,M.,M.,M.,M.,MSFDDDDDDDDDDDDDDDDDDDDDDDDDDDDDDDDDDDDDDDDDDDDDDDDDDDDDDDDDDDDDDDDDDDDDDDDDDDDDDDDDDDDDDDDDDDDDDDDDDDDDDDDDDDDDDDDDDDDDDDDDDDDDDDDDDDDDDDDDDDDDDDDDDDDDDDDDDDDDDDDDDDDDDDDDDDDDDDADSFSDFK\u010cLSDKF\u010cSDL<\/p>\n","protected":false},"excerpt":{"rendered":"<p>Jastuk za opustanje vrata, veoma lak za koriscenje a osecaj opustanja je trenuta\u010dan. Idealan za svakoga ko ima problema sa lo\u0161im dr\u017eanjem<\/p>\n","protected":false},"featured_media":163,"comment_status":"open","ping_status":"closed","template":"","meta":[],"product_brand":[],"product_cat":[17],"product_tag":[],"class_list":{"0":"post-161","1":"product","2":"type-product","3":"status-publish","4":"has-post-thumbnail","6":"product_cat-uncategorized","8":"first","9":"instock","10":"shipping-taxable","11":"purchasable","12":"product-type-simple"},"_links":{"self":[{"href":"https:\/\/vebmarket.rs\/index.php\/wp-json\/wp\/v2\/product\/161","targetHints":{"allow":["GET"]}}],"collection":[{"href":"https:\/\/vebmarket.rs\/index.php\/wp-json\/wp\/v2\/product"}],"about":[{"href":"https:\/\/vebmarket.rs\/index.php\/wp-json\/wp\/v2\/types\/product"}],"replies":[{"embeddable":true,"href":"https:\/\/vebmarket.rs\/index.php\/wp-json\/wp\/v2\/comments?post=161"}],"wp:featuredmedia":[{"embeddable":true,"href":"https:\/\/vebmarket.rs\/index.php\/wp-json\/wp\/v2\/media\/163"}],"wp:attachment":[{"href":"https:\/\/vebmarket.rs\/index.php\/wp-json\/wp\/v2\/media?parent=161"}],"wp:term":[{"taxonomy":"product_brand","embeddable":true,"href":"https:\/\/vebmarket.rs\/index.php\/wp-json\/wp\/v2\/product_brand?post=161"},{"taxonomy":"product_cat","embeddable":true,"href":"https:\/\/vebmarket.rs\/index.php\/wp-json\/wp\/v2\/product_cat?post=161"},{"taxonomy":"product_tag","embeddable":true,"href":"https:\/\/vebmarket.rs\/index.php\/wp-json\/wp\/v2\/product_tag?post=161"}],"curies":[{"name":"wp","href":"https:\/\/api.w.org\/{rel}","templated":true}]}}